{"id":570,"date":"2024-02-01T15:45:24","date_gmt":"2024-02-01T14:45:24","guid":{"rendered":"https:\/\/www.artinpasta.com\/?post_type=product&#038;p=570"},"modified":"2024-05-31T16:54:42","modified_gmt":"2024-05-31T14:54:42","slug":"fregola-biologica","status":"publish","type":"product","link":"https:\/\/www.artinpasta.com\/de\/produkt\/fregola-biologica\/","title":{"rendered":"Bio-Fregola"},"content":{"rendered":"<div class=\"tg-wrap\">\n<table>\n<thead>\n<tr>\n<th>N\u00c4HRWERTE JE<\/th>\n<th>100 g<\/th>\n<\/tr>\n<\/thead>\n<tbody>\n<tr>\n<td>Energie<\/td>\n<td>1585 kJ<br \/>\n373 kcal<\/td>\n<\/tr>\n<tr>\n<td>Fett<br \/>\ndavon ges\u00e4ttigte Fetts\u00e4uren<\/td>\n<td>0,9 g<br \/>\n0,1 g<\/td>\n<\/tr>\n<tr>\n<td>Kohlenhydrate<br \/>\ndavon Zucker<\/td>\n<td>78,6 g<br \/>\n0,5 g<\/td>\n<\/tr>\n<tr>\n<td>Ballaststoffe<\/td>\n<td>1,7 g<\/td>\n<\/tr>\n<tr>\n<td>Eiwei\u00dfe<\/td>\n<td>12,7 g<\/td>\n<\/tr>\n<tr>\n<td>Salz<\/td>\n<td>0,05 g<\/td>\n<\/tr>\n<\/tbody>\n<\/table>\n<\/div>","protected":false},"excerpt":{"rendered":"<p>Aus dem Land Campidano kommt Fregola \u2013 oder Fregula, wie wir Sarden sie nennen \u2013, die Pasta, die unsere Tradition verk\u00f6rpert. Eine einfache Delikatesse aus Grie\u00df und Wasser, die im Laufe der Zeit zum Protagonisten unserer K\u00fcche wurde.<\/p>\n<p>La Fregola \u00e8 ancorata alle radici della tradizione sarda. Noi la produciamo come un tempo proprio per offrirti un prodotto artigianale, genuino, che rievoca il passato.<\/p>\n<p>Con la nostra Fregola Biologica porti in tavola una pasta fatta con passione e dedizione.<\/p>","protected":false},"featured_media":928,"template":"","meta":{"_acf_changed":false,"ocean_post_layout":"","ocean_both_sidebars_style":"","ocean_both_sidebars_content_width":0,"ocean_both_sidebars_sidebars_width":0,"ocean_sidebar":"0","ocean_second_sidebar":"0","ocean_disable_margins":"enable","ocean_add_body_class":"","ocean_shortcode_before_top_bar":"","ocean_shortcode_after_top_bar":"","ocean_shortcode_before_header":"","ocean_shortcode_after_header":"","ocean_has_shortcode":"","ocean_shortcode_after_title":"","ocean_shortcode_before_footer_widgets":"","ocean_shortcode_after_footer_widgets":"","ocean_shortcode_before_footer_bottom":"","ocean_shortcode_after_footer_bottom":"","ocean_display_top_bar":"default","ocean_display_header":"default","ocean_header_style":"","ocean_center_header_left_menu":"0","ocean_custom_header_template":"0","ocean_custom_logo":0,"ocean_custom_retina_logo":0,"ocean_custom_logo_max_width":0,"ocean_custom_logo_tablet_max_width":0,"ocean_custom_logo_mobile_max_width":0,"ocean_custom_logo_max_height":0,"ocean_custom_logo_tablet_max_height":0,"ocean_custom_logo_mobile_max_height":0,"ocean_header_custom_menu":"0","ocean_menu_typo_font_family":"0","ocean_menu_typo_font_subset":"","ocean_menu_typo_font_size":0,"ocean_menu_typo_font_size_tablet":0,"ocean_menu_typo_font_size_mobile":0,"ocean_menu_typo_font_size_unit":"px","ocean_menu_typo_font_weight":"","ocean_menu_typo_font_weight_tablet":"","ocean_menu_typo_font_weight_mobile":"","ocean_menu_typo_transform":"","ocean_menu_typo_transform_tablet":"","ocean_menu_typo_transform_mobile":"","ocean_menu_typo_line_height":0,"ocean_menu_typo_line_height_tablet":0,"ocean_menu_typo_line_height_mobile":0,"ocean_menu_typo_line_height_unit":"","ocean_menu_typo_spacing":0,"ocean_menu_typo_spacing_tablet":0,"ocean_menu_typo_spacing_mobile":0,"ocean_menu_typo_spacing_unit":"","ocean_menu_link_color":"","ocean_menu_link_color_hover":"","ocean_menu_link_color_active":"","ocean_menu_link_background":"","ocean_menu_link_hover_background":"","ocean_menu_link_active_background":"","ocean_menu_social_links_bg":"","ocean_menu_social_hover_links_bg":"","ocean_menu_social_links_color":"","ocean_menu_social_hover_links_color":"","ocean_disable_title":"default","ocean_disable_heading":"default","ocean_post_title":"","ocean_post_subheading":"","ocean_post_title_style":"","ocean_post_title_background_color":"","ocean_post_title_background":0,"ocean_post_title_bg_image_position":"","ocean_post_title_bg_image_attachment":"","ocean_post_title_bg_image_repeat":"","ocean_post_title_bg_image_size":"","ocean_post_title_height":0,"ocean_post_title_bg_overlay":0.5,"ocean_post_title_bg_overlay_color":"","ocean_disable_breadcrumbs":"default","ocean_breadcrumbs_color":"","ocean_breadcrumbs_separator_color":"","ocean_breadcrumbs_links_color":"","ocean_breadcrumbs_links_hover_color":"","ocean_display_footer_widgets":"default","ocean_display_footer_bottom":"default","ocean_custom_footer_template":"0"},"product_brand":[],"product_cat":[17],"product_tag":[],"class_list":{"0":"post-570","1":"product","2":"type-product","3":"status-publish","4":"has-post-thumbnail","6":"product_cat-grano-duro-bio","8":"entry","9":"has-media","11":"first","12":"instock","13":"shipping-taxable","14":"purchasable","15":"product-type-simple","16":"col","17":"span_1_of_2","18":"owp-content-center","19":"owp-thumbs-layout-horizontal","20":"owp-btn-normal","21":"owp-tabs-layout-horizontal"},"acf":[],"yoast_head":"<!-- This site is optimized with the Yoast SEO plugin v26.9 - https:\/\/yoast.com\/product\/yoast-seo-wordpress\/ -->\n<title>Artinpasta, la Fregola Biologica<\/title>\n<meta name=\"description\" content=\"La tipica pasta sarda, un prodotto semplice della tradizione popolare. Una prelibatezza realizzata con semola e acqua. Scopri il formato.\" \/>\n<meta name=\"robots\" content=\"index, follow, max-snippet:-1, max-image-preview:large, max-video-preview:-1\" \/>\n<link rel=\"canonical\" href=\"https:\/\/www.artinpasta.com\/de\/produkt\/fregola-biologica\/\" \/>\n<meta property=\"og:locale\" content=\"de_DE\" \/>\n<meta property=\"og:type\" content=\"article\" \/>\n<meta property=\"og:title\" content=\"Artinpasta, la Fregola Biologica\" \/>\n<meta property=\"og:description\" content=\"La tipica pasta sarda, un prodotto semplice della tradizione popolare. Una prelibatezza realizzata con semola e acqua. Scopri il formato.\" \/>\n<meta property=\"og:url\" content=\"https:\/\/www.artinpasta.com\/de\/produkt\/fregola-biologica\/\" \/>\n<meta property=\"og:site_name\" content=\"Artinpasta\" \/>\n<meta property=\"article:publisher\" content=\"https:\/\/www.facebook.com\/silvio.carta.507\" \/>\n<meta property=\"article:modified_time\" content=\"2024-05-31T14:54:42+00:00\" \/>\n<meta property=\"og:image\" content=\"https:\/\/www.artinpasta.com\/wp-content\/uploads\/2024\/02\/1Fregola-Bio-F.jpg\" \/>\n\t<meta property=\"og:image:width\" content=\"1500\" \/>\n\t<meta property=\"og:image:height\" content=\"1500\" \/>\n\t<meta property=\"og:image:type\" content=\"image\/jpeg\" \/>\n<meta name=\"twitter:card\" content=\"summary_large_image\" \/>\n<meta name=\"twitter:label1\" content=\"Gesch\u00e4tzte Lesezeit\" \/>\n\t<meta name=\"twitter:data1\" content=\"1\u00a0Minute\" \/>\n<script type=\"application\/ld+json\" class=\"yoast-schema-graph\">{\"@context\":\"https:\/\/schema.org\",\"@graph\":[{\"@type\":\"WebPage\",\"@id\":\"https:\/\/www.artinpasta.com\/prodotto\/fregola-biologica\/\",\"url\":\"https:\/\/www.artinpasta.com\/prodotto\/fregola-biologica\/\",\"name\":\"Artinpasta, la Fregola Biologica\",\"isPartOf\":{\"@id\":\"https:\/\/www.artinpasta.com\/#website\"},\"primaryImageOfPage\":{\"@id\":\"https:\/\/www.artinpasta.com\/prodotto\/fregola-biologica\/#primaryimage\"},\"image\":{\"@id\":\"https:\/\/www.artinpasta.com\/prodotto\/fregola-biologica\/#primaryimage\"},\"thumbnailUrl\":\"https:\/\/www.artinpasta.com\/wp-content\/uploads\/2024\/02\/1Fregola-Bio-F.jpg\",\"datePublished\":\"2024-02-01T14:45:24+00:00\",\"dateModified\":\"2024-05-31T14:54:42+00:00\",\"description\":\"La tipica pasta sarda, un prodotto semplice della tradizione popolare. Una prelibatezza realizzata con semola e acqua. Scopri il formato.\",\"breadcrumb\":{\"@id\":\"https:\/\/www.artinpasta.com\/prodotto\/fregola-biologica\/#breadcrumb\"},\"inLanguage\":\"de\",\"potentialAction\":[{\"@type\":\"ReadAction\",\"target\":[\"https:\/\/www.artinpasta.com\/prodotto\/fregola-biologica\/\"]}]},{\"@type\":\"ImageObject\",\"inLanguage\":\"de\",\"@id\":\"https:\/\/www.artinpasta.com\/prodotto\/fregola-biologica\/#primaryimage\",\"url\":\"https:\/\/www.artinpasta.com\/wp-content\/uploads\/2024\/02\/1Fregola-Bio-F.jpg\",\"contentUrl\":\"https:\/\/www.artinpasta.com\/wp-content\/uploads\/2024\/02\/1Fregola-Bio-F.jpg\",\"width\":1500,\"height\":1500},{\"@type\":\"BreadcrumbList\",\"@id\":\"https:\/\/www.artinpasta.com\/prodotto\/fregola-biologica\/#breadcrumb\",\"itemListElement\":[{\"@type\":\"ListItem\",\"position\":1,\"name\":\"Home\",\"item\":\"https:\/\/www.artinpasta.com\/en\/\"},{\"@type\":\"ListItem\",\"position\":2,\"name\":\"Prodotti\",\"item\":\"https:\/\/www.artinpasta.com\/shop\/\"},{\"@type\":\"ListItem\",\"position\":3,\"name\":\"Fregola Biologica\"}]},{\"@type\":\"WebSite\",\"@id\":\"https:\/\/www.artinpasta.com\/#website\",\"url\":\"https:\/\/www.artinpasta.com\/\",\"name\":\"Artinpasta\",\"description\":\"\",\"publisher\":{\"@id\":\"https:\/\/www.artinpasta.com\/#organization\"},\"potentialAction\":[{\"@type\":\"SearchAction\",\"target\":{\"@type\":\"EntryPoint\",\"urlTemplate\":\"https:\/\/www.artinpasta.com\/?s={search_term_string}\"},\"query-input\":{\"@type\":\"PropertyValueSpecification\",\"valueRequired\":true,\"valueName\":\"search_term_string\"}}],\"inLanguage\":\"de\"},{\"@type\":\"Organization\",\"@id\":\"https:\/\/www.artinpasta.com\/#organization\",\"name\":\"ARTINPASTA DI SILVIO CARTA & C. S.N.C.\",\"url\":\"https:\/\/www.artinpasta.com\/\",\"logo\":{\"@type\":\"ImageObject\",\"inLanguage\":\"de\",\"@id\":\"https:\/\/www.artinpasta.com\/#\/schema\/logo\/image\/\",\"url\":\"https:\/\/www.artinpasta.com\/wp-content\/uploads\/2024\/02\/Logo-IL-PASTAIO-DI-NUORO-negativo.svg\",\"contentUrl\":\"https:\/\/www.artinpasta.com\/wp-content\/uploads\/2024\/02\/Logo-IL-PASTAIO-DI-NUORO-negativo.svg\",\"width\":841,\"height\":391,\"caption\":\"ARTINPASTA DI SILVIO CARTA & C. S.N.C.\"},\"image\":{\"@id\":\"https:\/\/www.artinpasta.com\/#\/schema\/logo\/image\/\"},\"sameAs\":[\"https:\/\/www.facebook.com\/silvio.carta.507\",\"https:\/\/www.instagram.com\/artinpasta\"]}]}<\/script>\n<!-- \/ Yoast SEO plugin. -->","yoast_head_json":{"title":"Artinpasta, la Fregola Biologica","description":"La tipica pasta sarda, un prodotto semplice della tradizione popolare. Una prelibatezza realizzata con semola e acqua. Scopri il formato.","robots":{"index":"index","follow":"follow","max-snippet":"max-snippet:-1","max-image-preview":"max-image-preview:large","max-video-preview":"max-video-preview:-1"},"canonical":"https:\/\/www.artinpasta.com\/de\/produkt\/fregola-biologica\/","og_locale":"de_DE","og_type":"article","og_title":"Artinpasta, la Fregola Biologica","og_description":"La tipica pasta sarda, un prodotto semplice della tradizione popolare. Una prelibatezza realizzata con semola e acqua. Scopri il formato.","og_url":"https:\/\/www.artinpasta.com\/de\/produkt\/fregola-biologica\/","og_site_name":"Artinpasta","article_publisher":"https:\/\/www.facebook.com\/silvio.carta.507","article_modified_time":"2024-05-31T14:54:42+00:00","og_image":[{"width":1500,"height":1500,"url":"https:\/\/www.artinpasta.com\/wp-content\/uploads\/2024\/02\/1Fregola-Bio-F.jpg","type":"image\/jpeg"}],"twitter_card":"summary_large_image","twitter_misc":{"Gesch\u00e4tzte Lesezeit":"1\u00a0Minute"},"schema":{"@context":"https:\/\/schema.org","@graph":[{"@type":"WebPage","@id":"https:\/\/www.artinpasta.com\/prodotto\/fregola-biologica\/","url":"https:\/\/www.artinpasta.com\/prodotto\/fregola-biologica\/","name":"Artinpasta, la Fregola Biologica","isPartOf":{"@id":"https:\/\/www.artinpasta.com\/#website"},"primaryImageOfPage":{"@id":"https:\/\/www.artinpasta.com\/prodotto\/fregola-biologica\/#primaryimage"},"image":{"@id":"https:\/\/www.artinpasta.com\/prodotto\/fregola-biologica\/#primaryimage"},"thumbnailUrl":"https:\/\/www.artinpasta.com\/wp-content\/uploads\/2024\/02\/1Fregola-Bio-F.jpg","datePublished":"2024-02-01T14:45:24+00:00","dateModified":"2024-05-31T14:54:42+00:00","description":"La tipica pasta sarda, un prodotto semplice della tradizione popolare. Una prelibatezza realizzata con semola e acqua. Scopri il formato.","breadcrumb":{"@id":"https:\/\/www.artinpasta.com\/prodotto\/fregola-biologica\/#breadcrumb"},"inLanguage":"de","potentialAction":[{"@type":"ReadAction","target":["https:\/\/www.artinpasta.com\/prodotto\/fregola-biologica\/"]}]},{"@type":"ImageObject","inLanguage":"de","@id":"https:\/\/www.artinpasta.com\/prodotto\/fregola-biologica\/#primaryimage","url":"https:\/\/www.artinpasta.com\/wp-content\/uploads\/2024\/02\/1Fregola-Bio-F.jpg","contentUrl":"https:\/\/www.artinpasta.com\/wp-content\/uploads\/2024\/02\/1Fregola-Bio-F.jpg","width":1500,"height":1500},{"@type":"BreadcrumbList","@id":"https:\/\/www.artinpasta.com\/prodotto\/fregola-biologica\/#breadcrumb","itemListElement":[{"@type":"ListItem","position":1,"name":"Home","item":"https:\/\/www.artinpasta.com\/en\/"},{"@type":"ListItem","position":2,"name":"Prodotti","item":"https:\/\/www.artinpasta.com\/shop\/"},{"@type":"ListItem","position":3,"name":"Fregola Biologica"}]},{"@type":"WebSite","@id":"https:\/\/www.artinpasta.com\/#website","url":"https:\/\/www.artinpasta.com\/","name":"Artinpasta","description":"","publisher":{"@id":"https:\/\/www.artinpasta.com\/#organization"},"potentialAction":[{"@type":"SearchAction","target":{"@type":"EntryPoint","urlTemplate":"https:\/\/www.artinpasta.com\/?s={search_term_string}"},"query-input":{"@type":"PropertyValueSpecification","valueRequired":true,"valueName":"search_term_string"}}],"inLanguage":"de"},{"@type":"Organization","@id":"https:\/\/www.artinpasta.com\/#organization","name":"ARTINPASTA DI SILVIO CARTA & C. S.N.C.","url":"https:\/\/www.artinpasta.com\/","logo":{"@type":"ImageObject","inLanguage":"de","@id":"https:\/\/www.artinpasta.com\/#\/schema\/logo\/image\/","url":"https:\/\/www.artinpasta.com\/wp-content\/uploads\/2024\/02\/Logo-IL-PASTAIO-DI-NUORO-negativo.svg","contentUrl":"https:\/\/www.artinpasta.com\/wp-content\/uploads\/2024\/02\/Logo-IL-PASTAIO-DI-NUORO-negativo.svg","width":841,"height":391,"caption":"ARTINPASTA DI SILVIO CARTA & C. S.N.C."},"image":{"@id":"https:\/\/www.artinpasta.com\/#\/schema\/logo\/image\/"},"sameAs":["https:\/\/www.facebook.com\/silvio.carta.507","https:\/\/www.instagram.com\/artinpasta"]}]}},"jetpack_sharing_enabled":true,"_links":{"self":[{"href":"https:\/\/www.artinpasta.com\/de\/wp-json\/wp\/v2\/product\/570","targetHints":{"allow":["GET"]}}],"collection":[{"href":"https:\/\/www.artinpasta.com\/de\/wp-json\/wp\/v2\/product"}],"about":[{"href":"https:\/\/www.artinpasta.com\/de\/wp-json\/wp\/v2\/types\/product"}],"wp:featuredmedia":[{"embeddable":true,"href":"https:\/\/www.artinpasta.com\/de\/wp-json\/wp\/v2\/media\/928"}],"wp:attachment":[{"href":"https:\/\/www.artinpasta.com\/de\/wp-json\/wp\/v2\/media?parent=570"}],"wp:term":[{"taxonomy":"product_brand","embeddable":true,"href":"https:\/\/www.artinpasta.com\/de\/wp-json\/wp\/v2\/product_brand?post=570"},{"taxonomy":"product_cat","embeddable":true,"href":"https:\/\/www.artinpasta.com\/de\/wp-json\/wp\/v2\/product_cat?post=570"},{"taxonomy":"product_tag","embeddable":true,"href":"https:\/\/www.artinpasta.com\/de\/wp-json\/wp\/v2\/product_tag?post=570"}],"curies":[{"name":"wp","href":"https:\/\/api.w.org\/{rel}","templated":true}]}}